{"id":1053,"date":"2024-10-28T15:30:59","date_gmt":"2024-10-28T15:30:59","guid":{"rendered":"https:\/\/patomatones.com\/politica-de-privadesa\/"},"modified":"2024-11-04T11:04:50","modified_gmt":"2024-11-04T11:04:50","slug":"politica-de-privacidad","status":"publish","type":"page","link":"https:\/\/patomatones.com\/es\/politica-de-privacidad\/","title":{"rendered":"Pol\u00edtica de privacidad"},"content":{"rendered":"\r\n<h2 class=\"wp-block-heading\">Qui\u00e9nes somos<\/h2>\r\n\r\n\r\n\r\n<p>Nuestra direcci\u00f3n web es: https:\/\/patomatones.com\/ca\/.<\/p>\r\n\r\n\r\n\r\n<h2 class=\"wp-block-heading\">Comentarios<\/h2>\r\n\r\n\r\n\r\n<p>Cuando los visitantes dejan comentarios en la web, recogemos los datos que se muestran en el formulario de contacto, as\u00ed como la direcci\u00f3n IP del visitante y la cadena del agente del usuario del navegador para ayudar a la detecci\u00f3n de mensajes no deseados.<\/p>\r\n\r\n\r\n\r\n<p>Una cadena anonimizada creada a partir de la direcci\u00f3n electr\u00f3nica (tambi\u00e9n llamado un hash) puede proporcionarse al servicio Gravatar para ver si lo est\u00e1 usando. La pol\u00edtica de privacidad del servicio Gravatar est\u00e1 disponible aqu\u00ed: https:\/\/automattic.com\/privacy\/. Una vez aprobado el comentario, la imagen de su perfil es visible al p\u00fablico en el contexto del comentario.<\/p>\r\n\r\n\r\n\r\n<h2 class=\"wp-block-heading\">Media<\/h2>\r\n\r\n\r\n\r\n<p>Si sube im\u00e1genes al sitio web, debe evitar subir im\u00e1genes que incluyan datos de geolocalizaci\u00f3n (EXIF GPS) incrustados. Los visitantes del sitio web pueden descargar y extraer cualquier informaci\u00f3n de las im\u00e1genes de la web.<\/p>\r\n\r\n\r\n\r\n<h2 class=\"wp-block-heading\">Cookies<\/h2>\r\n\r\n\r\n\r\n<p>Si deja un comentario en el sitio web, puede optar por guardar el nombre, la direcci\u00f3n de correo electr\u00f3nico y el sitio web en las cookies. Esto es debido a su comodidad para que no tenga que rellenar los datos de nuevo cuando haga otro comentario. Estas galletas durar\u00e1n un a\u00f1o.<\/p>\r\n\r\n\r\n\r\n<p>Si tiene una cuenta e inicia sesi\u00f3n en este sitio web, se definir\u00e1 una cookie temporal para determinar si el navegador acepta cookies. Esta cookie no contiene datos personales y se descartar\u00e1 cuando cierre el navegador.<\/p>\r\n\r\n\r\n\r\n<p>Cuando inicie sesi\u00f3n, tambi\u00e9n se configurar\u00e1n varias cookies para guardar la informaci\u00f3n de inicio de sesi\u00f3n y las opciones de visualizaci\u00f3n de la pantalla. Las galeras de inicio de sesi\u00f3n duran dos d\u00edas y las cookies de las opciones de pantalla duran un a\u00f1o. Si selecciona \u00abRecuerda\u00bb, el inicio de sesi\u00f3n persistir\u00e1 durante dos semanas. Si finaliza la sesi\u00f3n, las cookies de inicio de sesi\u00f3n ser\u00e1n suprimidas.<\/p>\r\n\r\n\r\n\r\n<p>Si edita o publica un art\u00edculo, una cookie adicional se guardar\u00e1 en el navegador. Esta cookie no incluye datos personales y simplemente indica el identificador de la entrada que acaba de editar. Caduca despu\u00e9s de 1 d\u00eda.<\/p>\r\n\r\n\r\n\r\n<h2 class=\"wp-block-heading\">Contenido incrustado de otros sitios web<\/h2>\r\n\r\n\r\n\r\n<p>Los art\u00edculos en este sitio web incluyen contenido incrustado (p. ej., v\u00eddeos, im\u00e1genes, art\u00edculos, etc.). El contenido incrustado desde otros sitios web se comporta exactamente de la misma forma como si el visitante estuviera visitando el otro sitio web.<\/p>\r\n\r\n\r\n\r\n<p>Estos sitios web pueden recoger datos sobre usted, utilizar cookies, incrustar seguimiento adicional de terceras partes, y monitorear la interacci\u00f3n con el contenido incrustado, incluyendo la traza de la interacci\u00f3n con el contenido incrustado si tiene una cuenta y ha iniciado sesi\u00f3n en el mismo sitio web.<\/p>\r\n\r\n\r\n\r\n<h2 class=\"wp-block-heading\">Con quien compartimos sus datos<\/h2>\r\n\r\n\r\n\r\n<p>Si solicita un reinicio de contrase\u00f1a, la direcci\u00f3n IP se incluir\u00e1 en el correo electr\u00f3nico de reinicializaci\u00f3n.<\/p>\r\n\r\n\r\n\r\n<h2 class=\"wp-block-heading\">\u00bfCu\u00e1nto tiempo retenemos los datos?<\/h2>\r\n\r\n\r\n\r\n<p>Si deja un comentario, el comentario y sus datos meta se retienen indefinidamente. Esto es para poder reconocer y aprobar autom\u00e1ticamente cualquier comentario de seguimiento en lugar de mantenerlos en la cola de moderaci\u00f3n.<\/p>\r\n\r\n\r\n\r\n<p>Para los usuarios que se registran en la web (si existen), tambi\u00e9n almacenamos la informaci\u00f3n personal que proporcionan a su perfil de usuario. Todos los usuarios pueden ver, editar o suprimir su informaci\u00f3n personal en cualquier momento (salvo que no pueden cambiar su nombre de usuario). Los administradores del sitio web pueden tambi\u00e9n editar esta informaci\u00f3n.<\/p>\r\n\r\n\r\n\r\n<h2 class=\"wp-block-heading\">Qu\u00e9 derechos tiene sobre sus datos<\/h2>\r\n\r\n\r\n\r\n<p>Si tiene una cuenta en este sitio web o ha dejado comentarios, puede solicitar que le enviemos un archivo de exportaci\u00f3n de sus datos personales, incluyendo todos los datos que nos haya proporcionado. Tambi\u00e9n puede pedir que borremos cualquier dato personal que tengamos. Esto no incluye los datos que estemos obligados a conservar con prop\u00f3sitos administrativos, legales o de seguridad.<\/p>\r\n\r\n\r\n\r\n<h2 class=\"wp-block-heading\">Donde se env\u00edan sus datos<\/h2>\r\n\r\n\r\n\r\n<p>Los comentarios de los visitantes deben ser comprobados mediante un servicio de detecci\u00f3n de basura automatizado.<\/p>\r\n\r\n<p>&nbsp;<\/p>","protected":false},"excerpt":{"rendered":"<p>Qui\u00e9nes somos Nuestra direcci\u00f3n web es: https:\/\/patomatones.com\/ca\/. Comentarios Cuando los  [&#8230;]<\/p>\n","protected":false},"author":8173,"featured_media":0,"parent":0,"menu_order":0,"comment_status":"closed","ping_status":"closed","template":"","meta":{"footnotes":""},"class_list":["post-1053","page","type-page","status-publish","hentry"],"yoast_head":"<!-- This site is optimized with the Yoast SEO plugin v27.3 - https:\/\/yoast.com\/product\/yoast-seo-wordpress\/ -->\n<title>Pol\u00edtica de privacidad - Patomatones<\/title>\n<meta name=\"robots\" content=\"noindex, nofollow\" \/>\n<meta property=\"og:locale\" content=\"es_ES\" \/>\n<meta property=\"og:type\" content=\"article\" \/>\n<meta property=\"og:title\" content=\"Pol\u00edtica de privacidad - Patomatones\" \/>\n<meta property=\"og:description\" content=\"Qui\u00e9nes somos Nuestra direcci\u00f3n web es: https:\/\/patomatones.com\/ca\/. Comentarios Cuando los [...]\" \/>\n<meta property=\"og:url\" content=\"https:\/\/patomatones.com\/es\/politica-de-privacidad\/\" \/>\n<meta property=\"og:site_name\" content=\"Patomatones\" \/>\n<meta property=\"article:modified_time\" content=\"2024-11-04T11:04:50+00:00\" \/>\n<meta name=\"twitter:card\" content=\"summary_large_image\" \/>\n<meta name=\"twitter:label1\" content=\"Tiempo de lectura\" \/>\n\t<meta name=\"twitter:data1\" content=\"4 minutos\" \/>\n<script type=\"application\/ld+json\" class=\"yoast-schema-graph\">{\"@context\":\"https:\\\/\\\/schema.org\",\"@graph\":[{\"@type\":\"WebPage\",\"@id\":\"https:\\\/\\\/patomatones.com\\\/es\\\/politica-de-privacidad\\\/\",\"url\":\"https:\\\/\\\/patomatones.com\\\/es\\\/politica-de-privacidad\\\/\",\"name\":\"Pol\u00edtica de privacidad - Patomatones\",\"isPartOf\":{\"@id\":\"https:\\\/\\\/patomatones.com\\\/es\\\/#website\"},\"datePublished\":\"2024-10-28T15:30:59+00:00\",\"dateModified\":\"2024-11-04T11:04:50+00:00\",\"breadcrumb\":{\"@id\":\"https:\\\/\\\/patomatones.com\\\/es\\\/politica-de-privacidad\\\/#breadcrumb\"},\"inLanguage\":\"es\",\"potentialAction\":[{\"@type\":\"ReadAction\",\"target\":[\"https:\\\/\\\/patomatones.com\\\/es\\\/politica-de-privacidad\\\/\"]}]},{\"@type\":\"BreadcrumbList\",\"@id\":\"https:\\\/\\\/patomatones.com\\\/es\\\/politica-de-privacidad\\\/#breadcrumb\",\"itemListElement\":[{\"@type\":\"ListItem\",\"position\":1,\"name\":\"Inici\",\"item\":\"https:\\\/\\\/patomatones.com\\\/es\\\/\"},{\"@type\":\"ListItem\",\"position\":2,\"name\":\"Pol\u00edtica de privacidad\"}]},{\"@type\":\"WebSite\",\"@id\":\"https:\\\/\\\/patomatones.com\\\/es\\\/#website\",\"url\":\"https:\\\/\\\/patomatones.com\\\/es\\\/\",\"name\":\"Patomatones\",\"description\":\"Recorda tot el que vols\",\"potentialAction\":[{\"@type\":\"SearchAction\",\"target\":{\"@type\":\"EntryPoint\",\"urlTemplate\":\"https:\\\/\\\/patomatones.com\\\/es\\\/?s={search_term_string}\"},\"query-input\":{\"@type\":\"PropertyValueSpecification\",\"valueRequired\":true,\"valueName\":\"search_term_string\"}}],\"inLanguage\":\"es\"}]}<\/script>\n<!-- \/ Yoast SEO plugin. -->","yoast_head_json":{"title":"Pol\u00edtica de privacidad - Patomatones","robots":{"index":"noindex","follow":"nofollow"},"og_locale":"es_ES","og_type":"article","og_title":"Pol\u00edtica de privacidad - Patomatones","og_description":"Qui\u00e9nes somos Nuestra direcci\u00f3n web es: https:\/\/patomatones.com\/ca\/. Comentarios Cuando los [...]","og_url":"https:\/\/patomatones.com\/es\/politica-de-privacidad\/","og_site_name":"Patomatones","article_modified_time":"2024-11-04T11:04:50+00:00","twitter_card":"summary_large_image","twitter_misc":{"Tiempo de lectura":"4 minutos"},"schema":{"@context":"https:\/\/schema.org","@graph":[{"@type":"WebPage","@id":"https:\/\/patomatones.com\/es\/politica-de-privacidad\/","url":"https:\/\/patomatones.com\/es\/politica-de-privacidad\/","name":"Pol\u00edtica de privacidad - Patomatones","isPartOf":{"@id":"https:\/\/patomatones.com\/es\/#website"},"datePublished":"2024-10-28T15:30:59+00:00","dateModified":"2024-11-04T11:04:50+00:00","breadcrumb":{"@id":"https:\/\/patomatones.com\/es\/politica-de-privacidad\/#breadcrumb"},"inLanguage":"es","potentialAction":[{"@type":"ReadAction","target":["https:\/\/patomatones.com\/es\/politica-de-privacidad\/"]}]},{"@type":"BreadcrumbList","@id":"https:\/\/patomatones.com\/es\/politica-de-privacidad\/#breadcrumb","itemListElement":[{"@type":"ListItem","position":1,"name":"Inici","item":"https:\/\/patomatones.com\/es\/"},{"@type":"ListItem","position":2,"name":"Pol\u00edtica de privacidad"}]},{"@type":"WebSite","@id":"https:\/\/patomatones.com\/es\/#website","url":"https:\/\/patomatones.com\/es\/","name":"Patomatones","description":"Recorda tot el que vols","potentialAction":[{"@type":"SearchAction","target":{"@type":"EntryPoint","urlTemplate":"https:\/\/patomatones.com\/es\/?s={search_term_string}"},"query-input":{"@type":"PropertyValueSpecification","valueRequired":true,"valueName":"search_term_string"}}],"inLanguage":"es"}]}},"_links":{"self":[{"href":"https:\/\/patomatones.com\/es\/wp-json\/wp\/v2\/pages\/1053","targetHints":{"allow":["GET"]}}],"collection":[{"href":"https:\/\/patomatones.com\/es\/wp-json\/wp\/v2\/pages"}],"about":[{"href":"https:\/\/patomatones.com\/es\/wp-json\/wp\/v2\/types\/page"}],"author":[{"embeddable":true,"href":"https:\/\/patomatones.com\/es\/wp-json\/wp\/v2\/users\/8173"}],"replies":[{"embeddable":true,"href":"https:\/\/patomatones.com\/es\/wp-json\/wp\/v2\/comments?post=1053"}],"version-history":[{"count":2,"href":"https:\/\/patomatones.com\/es\/wp-json\/wp\/v2\/pages\/1053\/revisions"}],"predecessor-version":[{"id":1059,"href":"https:\/\/patomatones.com\/es\/wp-json\/wp\/v2\/pages\/1053\/revisions\/1059"}],"wp:attachment":[{"href":"https:\/\/patomatones.com\/es\/wp-json\/wp\/v2\/media?parent=1053"}],"curies":[{"name":"wp","href":"https:\/\/api.w.org\/{rel}","templated":true}]}}